{"id":21,"date":"2024-03-10T08:32:27","date_gmt":"2024-03-10T08:32:27","guid":{"rendered":"https:\/\/basecampkaivopiha.fi\/?page_id=21"},"modified":"2024-03-14T10:04:18","modified_gmt":"2024-03-14T10:04:18","slug":"weekend-buffet-menu","status":"publish","type":"page","link":"https:\/\/basecampkaivopiha.fi\/en\/weekend-buffet-menu\/","title":{"rendered":"Weekend buffet menu"},"content":{"rendered":"<div data-elementor-type=\"wp-page\" data-elementor-id=\"21\" class=\"elementor elementor-21\" data-elementor-post-type=\"page\">\n\t\t\t\t<div class=\"elementor-element elementor-element-a9d2e83 e-flex e-con-boxed e-con e-parent\" data-id=\"a9d2e83\" data-element_type=\"container\" data-e-type=\"container\" data-settings=\"{&quot;background_background&quot;:&quot;classic&quot;}\">\n\t\t\t\t\t<div class=\"e-con-inner\">\n\t\t\t\t<div class=\"elementor-element elementor-element-05d59ce elementor-widget elementor-widget-heading\" data-id=\"05d59ce\" data-element_type=\"widget\" data-e-type=\"widget\" data-widget_type=\"heading.default\">\n\t\t\t\t<div class=\"elementor-widget-container\">\n\t\t\t\t\t<h2 class=\"elementor-heading-title elementor-size-default\">Weekend menu<\/h2>\t\t\t\t<\/div>\n\t\t\t\t<\/div>\n\t\t\t\t\t<\/div>\n\t\t\t\t<\/div>\n\t\t<div class=\"elementor-element elementor-element-f8fb489 e-flex e-con-boxed e-con e-parent\" data-id=\"f8fb489\" data-element_type=\"container\" data-e-type=\"container\">\n\t\t\t\t\t<div class=\"e-con-inner\">\n\t\t\t\t<div class=\"elementor-element elementor-element-1e67c7c elementor-widget elementor-widget-shortcode\" data-id=\"1e67c7c\" data-element_type=\"widget\" data-e-type=\"widget\" data-widget_type=\"shortcode.default\">\n\t\t\t\t<div class=\"elementor-widget-container\">\n\t\t\t\t\t\t\t<div class=\"elementor-shortcode\"><div class=\"lunch_list\"><h2>Lauantai<\/h2><div class=\"lunch-item\"><h3>BUFFET - 20,90\u20ac (11:00 - 18:00)<\/h3><p>BUTTER CHICKEN (L,G)<br \/>\r\nTandoorimarinoitua kanan rinta\ufb01lett\u00e4 tuoreessa tomaatti-voi-kermakastikkeessa. <br \/>\r\nTandoor marinated chicken breast pieces fresh tomato butter cream sauce.<br \/>\r\n<br \/>\r\nSOY LAMB PEAS (L,G)<br \/>\r\nKikhernett\u00e4, soijapaloja ja lampaan jauhelihaa nepalilaistyylisess\u00e4 currykastikkeessa. <br \/>\r\nChick peas, soy chunks, lamb mince meat in Nepalese style curry sauce.<br \/>\r\n<br \/>\r\nALU KAULI TARKARI (VEGAN)<br \/>\r\nKauden kasvikset valkosipuli-currykastikkeessa. <br \/>\r\nSeasonal vegetables in garlic curry sauce.<br \/>\r\n<br \/>\r\nFISH PAKAUDA (L) <br \/>\r\nFriteerattua Pakauda-kalaa <br \/>\r\nDeep fried Pangas Fish Pakauda<br \/>\r\n<br \/>\r\nTOFU MASALA (VEGAN) <br \/>\r\nTofupaloja nepalilaisessa masalakastikkeessa <br \/>\r\nPieces of Tofu in Nepalese style of masala sauce<br \/>\r\n<br \/>\r\nMOM\u2019S SPECIAL CHICKEN (L,G)<br \/>\r\nKanankoipia talon curry-kastikkeessa \u00e4idin reseptill\u00e4 (luun kanssa) <br \/>\r\nChicken legs in homemade mom\u2019s special recipe (with bone)<\/p><\/div><div class=\"lunch-item\"><h3>Huom!<\/h3><p>Brunssiin sis\u00e4ltyy: salaattip\u00f6yt\u00e4, basmatiriisi, naan-leip\u00e4, <br \/>\r\nmangolassi, nepalilainen tee\/kahvi<br \/>\r\n<br \/>\r\nLapset (alle 11 v) - 11 \u20ac <br \/>\r\nOpiskelijat ja el\u00e4kel\u00e4iset -10 % <br \/>\r\n(Esit\u00e4th\u00e4n opiskelijakorttisi ennen edun hy\u00f6dynt\u00e4mist\u00e4)<br \/>\r\nJos on kysytt\u00e4v\u00e4\u00e4 allergeeneista, \u00e4l\u00e4 ep\u00e4r\u00f6i kysy\u00e4<\/p><\/div><h2>Sunnuntai<\/h2><div class=\"lunch-item\"><h3>BUFFET - 20,90\u20ac (11:00 - 18:00)<\/h3><p>BUTTER CHICKEN (L,G)<br \/>\r\nTandoorimarinoitua kanan rinta\ufb01lett\u00e4 tuoreessa tomaatti-voi-kermakastikkeessa. <br \/>\r\nTandoor marinated chicken breast pieces fresh tomato butter cream sauce.<br \/>\r\n<br \/>\r\nSOY LAMB PEAS (L,G)<br \/>\r\nKikhernett\u00e4, soijapaloja ja lampaan jauhelihaa nepalilaistyylisess\u00e4 currykastikkeessa. <br \/>\r\nChick peas, soy chunks, lamb mince meat in Nepalese style curry sauce.<br \/>\r\n<br \/>\r\nALU KAULI TARKARI (VEGAN)<br \/>\r\nKauden kasvikset valkosipuli-currykastikkeessa. <br \/>\r\nSeasonal vegetables in garlic curry sauce.<br \/>\r\n<br \/>\r\nFISH PAKAUDA (L) <br \/>\r\nFriteerattua Pakauda-kalaa <br \/>\r\nDeep fried Pangas Fish Pakauda<br \/>\r\n<br \/>\r\nTOFU MASALA (VEGAN) <br \/>\r\nTofupaloja nepalilaisessa masalakastikkeessa <br \/>\r\nPieces of Tofu in Nepalese style of masala sauce<br \/>\r\n<br \/>\r\nMOM\u2019S SPECIAL CHICKEN (L,G)<br \/>\r\nKanankoipia talon curry-kastikkeessa \u00e4idin reseptill\u00e4 (luun kanssa) <br \/>\r\nChicken legs in homemade mom\u2019s special recipe (with bone)<\/p><\/div><div class=\"lunch-item\"><h3>Huom!<\/h3><p>Brunssiin sis\u00e4ltyy: salaattip\u00f6yt\u00e4, basmatiriisi, naan-leip\u00e4, <br \/>\r\nmangolassi, nepalilainen tee\/kahvi<br \/>\r\n<br \/>\r\nLapset (alle 11 v) - 11 \u20ac <br \/>\r\nOpiskelijat ja el\u00e4kel\u00e4iset -10 % <br \/>\r\n(Esit\u00e4th\u00e4n opiskelijakorttisi ennen edun hy\u00f6dynt\u00e4mist\u00e4)<br \/>\r\nJos on kysytt\u00e4v\u00e4\u00e4 allergeeneista, \u00e4l\u00e4 ep\u00e4r\u00f6i kysy\u00e4<br \/>\r\n<\/p><\/div><\/div><\/div>\n\t\t\t\t\t\t<\/div>\n\t\t\t\t<\/div>\n\t\t\t\t\t<\/div>\n\t\t\t\t<\/div>\n\t\t\t\t<\/div>","protected":false},"excerpt":{"rendered":"<p>Weekend menu<\/p>","protected":false},"author":1,"featured_media":0,"parent":0,"menu_order":0,"comment_status":"closed","ping_status":"closed","template":"","meta":{"site-sidebar-layout":"no-sidebar","site-content-layout":"","ast-site-content-layout":"full-width-container","site-content-style":"default","site-sidebar-style":"default","ast-global-header-display":"","ast-banner-title-visibility":"","ast-main-header-display":"","ast-hfb-above-header-display":"","ast-hfb-below-header-display":"","ast-hfb-mobile-header-display":"","site-post-title":"disabled","ast-breadcrumbs-content":"","ast-featured-img":"disabled","footer-sml-layout":"","ast-disable-related-posts":"","theme-transparent-header-meta":"","adv-header-id-meta":"","stick-header-meta":"","header-above-stick-meta":"","header-main-stick-meta":"","header-below-stick-meta":"","astra-migrate-meta-layouts":"default","ast-page-background-enabled":"default","ast-page-background-meta":{"desktop":{"background-color":"var(--ast-global-color-4)","background-image":"","background-repeat":"repeat","background-position":"center center","background-size":"auto","background-attachment":"scroll","background-type":"","background-media":"","overlay-type":"","overlay-color":"","overlay-opacity":"","overlay-gradient":""},"tablet":{"background-color":"","background-image":"","background-repeat":"repeat","background-position":"center center","background-size":"auto","background-attachment":"scroll","background-type":"","background-media":"","overlay-type":"","overlay-color":"","overlay-opacity":"","overlay-gradient":""},"mobile":{"background-color":"","background-image":"","background-repeat":"repeat","background-position":"center center","background-size":"auto","background-attachment":"scroll","background-type":"","background-media":"","overlay-type":"","overlay-color":"","overlay-opacity":"","overlay-gradient":""}},"ast-content-background-meta":{"desktop":{"background-color":"var(--ast-global-color-5)","background-image":"","background-repeat":"repeat","background-position":"center center","background-size":"auto","background-attachment":"scroll","background-type":"","background-media":"","overlay-type":"","overlay-color":"","overlay-opacity":"","overlay-gradient":""},"tablet":{"background-color":"var(--ast-global-color-5)","background-image":"","background-repeat":"repeat","background-position":"center center","background-size":"auto","background-attachment":"scroll","background-type":"","background-media":"","overlay-type":"","overlay-color":"","overlay-opacity":"","overlay-gradient":""},"mobile":{"background-color":"var(--ast-global-color-5)","background-image":"","background-repeat":"repeat","background-position":"center center","background-size":"auto","background-attachment":"scroll","background-type":"","background-media":"","overlay-type":"","overlay-color":"","overlay-opacity":"","overlay-gradient":""}},"footnotes":""},"class_list":["post-21","page","type-page","status-publish","hentry"],"yoast_head":"<!-- This site is optimized with the Yoast SEO plugin v27.5 - https:\/\/yoast.com\/product\/yoast-seo-wordpress\/ -->\n<title>Weekend buffet menu - Ravintola Basecamp<\/title>\n<meta name=\"robots\" content=\"index, follow, max-snippet:-1, max-image-preview:large, max-video-preview:-1\" \/>\n<link rel=\"canonical\" href=\"https:\/\/basecampkaivopiha.fi\/en\/weekend-buffet-menu\/\" \/>\n<meta property=\"og:locale\" content=\"en_GB\" \/>\n<meta property=\"og:type\" content=\"article\" \/>\n<meta property=\"og:title\" content=\"Weekend buffet menu - Ravintola Basecamp\" \/>\n<meta property=\"og:description\" content=\"Weekend menu\" \/>\n<meta property=\"og:url\" content=\"https:\/\/basecampkaivopiha.fi\/en\/weekend-buffet-menu\/\" \/>\n<meta property=\"og:site_name\" content=\"Ravintola Basecamp\" \/>\n<meta property=\"article:modified_time\" content=\"2024-03-14T10:04:18+00:00\" \/>\n<meta name=\"twitter:card\" content=\"summary_large_image\" \/>\n<script type=\"application\/ld+json\" class=\"yoast-schema-graph\">{\"@context\":\"https:\\\/\\\/schema.org\",\"@graph\":[{\"@type\":\"WebPage\",\"@id\":\"https:\\\/\\\/basecampkaivopiha.fi\\\/weekend-buffet-menu\\\/\",\"url\":\"https:\\\/\\\/basecampkaivopiha.fi\\\/weekend-buffet-menu\\\/\",\"name\":\"Weekend buffet menu - Ravintola Basecamp\",\"isPartOf\":{\"@id\":\"https:\\\/\\\/basecampkaivopiha.fi\\\/#website\"},\"datePublished\":\"2024-03-10T08:32:27+00:00\",\"dateModified\":\"2024-03-14T10:04:18+00:00\",\"breadcrumb\":{\"@id\":\"https:\\\/\\\/basecampkaivopiha.fi\\\/weekend-buffet-menu\\\/#breadcrumb\"},\"inLanguage\":\"en-GB\",\"potentialAction\":[{\"@type\":\"ReadAction\",\"target\":[\"https:\\\/\\\/basecampkaivopiha.fi\\\/weekend-buffet-menu\\\/\"]}]},{\"@type\":\"BreadcrumbList\",\"@id\":\"https:\\\/\\\/basecampkaivopiha.fi\\\/weekend-buffet-menu\\\/#breadcrumb\",\"itemListElement\":[{\"@type\":\"ListItem\",\"position\":1,\"name\":\"Home\",\"item\":\"https:\\\/\\\/basecampkaivopiha.fi\\\/\"},{\"@type\":\"ListItem\",\"position\":2,\"name\":\"Weekend buffet menu\"}]},{\"@type\":\"WebSite\",\"@id\":\"https:\\\/\\\/basecampkaivopiha.fi\\\/#website\",\"url\":\"https:\\\/\\\/basecampkaivopiha.fi\\\/\",\"name\":\"Ravintola Basecamp\",\"description\":\"\",\"publisher\":{\"@id\":\"https:\\\/\\\/basecampkaivopiha.fi\\\/#organization\"},\"potentialAction\":[{\"@type\":\"SearchAction\",\"target\":{\"@type\":\"EntryPoint\",\"urlTemplate\":\"https:\\\/\\\/basecampkaivopiha.fi\\\/?s={search_term_string}\"},\"query-input\":{\"@type\":\"PropertyValueSpecification\",\"valueRequired\":true,\"valueName\":\"search_term_string\"}}],\"inLanguage\":\"en-GB\"},{\"@type\":\"Organization\",\"@id\":\"https:\\\/\\\/basecampkaivopiha.fi\\\/#organization\",\"name\":\"Ravintola Basecamp\",\"url\":\"https:\\\/\\\/basecampkaivopiha.fi\\\/\",\"logo\":{\"@type\":\"ImageObject\",\"inLanguage\":\"en-GB\",\"@id\":\"https:\\\/\\\/basecampkaivopiha.fi\\\/#\\\/schema\\\/logo\\\/image\\\/\",\"url\":\"https:\\\/\\\/basecampkaivopiha.fi\\\/wp-content\\\/uploads\\\/2024\\\/03\\\/logo.png\",\"contentUrl\":\"https:\\\/\\\/basecampkaivopiha.fi\\\/wp-content\\\/uploads\\\/2024\\\/03\\\/logo.png\",\"width\":255,\"height\":125,\"caption\":\"Ravintola Basecamp\"},\"image\":{\"@id\":\"https:\\\/\\\/basecampkaivopiha.fi\\\/#\\\/schema\\\/logo\\\/image\\\/\"}}]}<\/script>\n<!-- \/ Yoast SEO plugin. -->","yoast_head_json":{"title":"Weekend buffet menu - Ravintola Basecamp","robots":{"index":"index","follow":"follow","max-snippet":"max-snippet:-1","max-image-preview":"max-image-preview:large","max-video-preview":"max-video-preview:-1"},"canonical":"https:\/\/basecampkaivopiha.fi\/en\/weekend-buffet-menu\/","og_locale":"en_GB","og_type":"article","og_title":"Weekend buffet menu - Ravintola Basecamp","og_description":"Weekend menu","og_url":"https:\/\/basecampkaivopiha.fi\/en\/weekend-buffet-menu\/","og_site_name":"Ravintola Basecamp","article_modified_time":"2024-03-14T10:04:18+00:00","twitter_card":"summary_large_image","schema":{"@context":"https:\/\/schema.org","@graph":[{"@type":"WebPage","@id":"https:\/\/basecampkaivopiha.fi\/weekend-buffet-menu\/","url":"https:\/\/basecampkaivopiha.fi\/weekend-buffet-menu\/","name":"Weekend buffet menu - Ravintola Basecamp","isPartOf":{"@id":"https:\/\/basecampkaivopiha.fi\/#website"},"datePublished":"2024-03-10T08:32:27+00:00","dateModified":"2024-03-14T10:04:18+00:00","breadcrumb":{"@id":"https:\/\/basecampkaivopiha.fi\/weekend-buffet-menu\/#breadcrumb"},"inLanguage":"en-GB","potentialAction":[{"@type":"ReadAction","target":["https:\/\/basecampkaivopiha.fi\/weekend-buffet-menu\/"]}]},{"@type":"BreadcrumbList","@id":"https:\/\/basecampkaivopiha.fi\/weekend-buffet-menu\/#breadcrumb","itemListElement":[{"@type":"ListItem","position":1,"name":"Home","item":"https:\/\/basecampkaivopiha.fi\/"},{"@type":"ListItem","position":2,"name":"Weekend buffet menu"}]},{"@type":"WebSite","@id":"https:\/\/basecampkaivopiha.fi\/#website","url":"https:\/\/basecampkaivopiha.fi\/","name":"Ravintola Basecamp","description":"","publisher":{"@id":"https:\/\/basecampkaivopiha.fi\/#organization"},"potentialAction":[{"@type":"SearchAction","target":{"@type":"EntryPoint","urlTemplate":"https:\/\/basecampkaivopiha.fi\/?s={search_term_string}"},"query-input":{"@type":"PropertyValueSpecification","valueRequired":true,"valueName":"search_term_string"}}],"inLanguage":"en-GB"},{"@type":"Organization","@id":"https:\/\/basecampkaivopiha.fi\/#organization","name":"Ravintola Basecamp","url":"https:\/\/basecampkaivopiha.fi\/","logo":{"@type":"ImageObject","inLanguage":"en-GB","@id":"https:\/\/basecampkaivopiha.fi\/#\/schema\/logo\/image\/","url":"https:\/\/basecampkaivopiha.fi\/wp-content\/uploads\/2024\/03\/logo.png","contentUrl":"https:\/\/basecampkaivopiha.fi\/wp-content\/uploads\/2024\/03\/logo.png","width":255,"height":125,"caption":"Ravintola Basecamp"},"image":{"@id":"https:\/\/basecampkaivopiha.fi\/#\/schema\/logo\/image\/"}}]}},"_links":{"self":[{"href":"https:\/\/basecampkaivopiha.fi\/en\/wp-json\/wp\/v2\/pages\/21","targetHints":{"allow":["GET"]}}],"collection":[{"href":"https:\/\/basecampkaivopiha.fi\/en\/wp-json\/wp\/v2\/pages"}],"about":[{"href":"https:\/\/basecampkaivopiha.fi\/en\/wp-json\/wp\/v2\/types\/page"}],"author":[{"embeddable":true,"href":"https:\/\/basecampkaivopiha.fi\/en\/wp-json\/wp\/v2\/users\/1"}],"replies":[{"embeddable":true,"href":"https:\/\/basecampkaivopiha.fi\/en\/wp-json\/wp\/v2\/comments?post=21"}],"version-history":[{"count":10,"href":"https:\/\/basecampkaivopiha.fi\/en\/wp-json\/wp\/v2\/pages\/21\/revisions"}],"predecessor-version":[{"id":207,"href":"https:\/\/basecampkaivopiha.fi\/en\/wp-json\/wp\/v2\/pages\/21\/revisions\/207"}],"wp:attachment":[{"href":"https:\/\/basecampkaivopiha.fi\/en\/wp-json\/wp\/v2\/media?parent=21"}],"curies":[{"name":"wp","href":"https:\/\/api.w.org\/{rel}","templated":true}]}}